




{"id":259,"date":"2021-03-22T12:00:55","date_gmt":"2021-03-22T12:00:55","guid":{"rendered":"https:\/\/lamardebits.org\/?page_id=259"},"modified":"2021-05-11T17:05:11","modified_gmt":"2021-05-11T15:05:11","slug":"legal","status":"publish","type":"page","link":"https:\/\/lamardebits.org\/ca\/legal\/","title":{"rendered":"Legal"},"content":{"rendered":"\t\t<div data-elementor-type=\"wp-page\" data-elementor-id=\"259\" class=\"elementor elementor-259\" data-elementor-post-type=\"page\">\n\t\t\t\t\t\t<section class=\"elementor-section elementor-top-section elementor-element elementor-element-d0f2a02 elementor-section-boxed elementor-section-height-default elementor-section-height-default\" data-id=\"d0f2a02\" data-element_type=\"section\" data-e-type=\"section\">\n\t\t\t\t\t\t\t<div class=\"elementor-background-overlay\"><\/div>\n\t\t\t\t\t\t\t<div class=\"elementor-container elementor-column-gap-default\">\n\t\t\t\t\t<div class=\"elementor-column elementor-col-100 elementor-top-column elementor-element elementor-element-844ce4a\" data-id=\"844ce4a\" data-element_type=\"column\" data-e-type=\"column\">\n\t\t\t<div class=\"elementor-widget-wrap elementor-element-populated\">\n\t\t\t\t\t\t<div class=\"elementor-element elementor-element-11df996 elementor-widget elementor-widget-text-editor\" data-id=\"11df996\" data-element_type=\"widget\" data-e-type=\"widget\" data-widget_type=\"text-editor.default\">\n\t\t\t\t<div class=\"elementor-widget-container\">\n\t\t\t\t\t\t\t\t\t&nbsp;\t\t\t\t\t\t\t\t<\/div>\n\t\t\t\t<\/div>\n\t\t\t\t\t<\/div>\n\t\t<\/div>\n\t\t\t\t\t<\/div>\n\t\t<\/section>\n\t\t\t\t<section class=\"elementor-section elementor-top-section elementor-element elementor-element-b6dc320 elementor-section-boxed elementor-section-height-default elementor-section-height-default\" data-id=\"b6dc320\" data-element_type=\"section\" data-e-type=\"section\" data-settings=\"{&quot;shape_divider_top&quot;:&quot;opacity-tilt&quot;}\">\n\t\t\t\t\t<div class=\"elementor-shape elementor-shape-top\" aria-hidden=\"true\" data-negative=\"false\">\n\t\t\t<svg xmlns=\"http:\/\/www.w3.org\/2000\/svg\" viewBox=\"0 0 2600 131.1\" preserveAspectRatio=\"none\">\n\t<path class=\"elementor-shape-fill\" d=\"M0 0L2600 0 2600 69.1 0 0z\"\/>\n\t<path class=\"elementor-shape-fill\" style=\"opacity:0.5\" d=\"M0 0L2600 0 2600 69.1 0 69.1z\"\/>\n\t<path class=\"elementor-shape-fill\" style=\"opacity:0.25\" d=\"M2600 0L0 0 0 130.1 2600 69.1z\"\/>\n<\/svg>\t\t<\/div>\n\t\t\t\t\t<div class=\"elementor-container elementor-column-gap-default\">\n\t\t\t\t\t<div class=\"elementor-column elementor-col-100 elementor-top-column elementor-element elementor-element-1076044\" data-id=\"1076044\" data-element_type=\"column\" data-e-type=\"column\">\n\t\t\t<div class=\"elementor-widget-wrap elementor-element-populated\">\n\t\t\t\t\t\t<div class=\"elementor-element elementor-element-d814fba elementor-widget elementor-widget-heading\" data-id=\"d814fba\" data-element_type=\"widget\" data-e-type=\"widget\" data-widget_type=\"heading.default\">\n\t\t\t\t<div class=\"elementor-widget-container\">\n\t\t\t\t\t<h2 class=\"elementor-heading-title elementor-size-default\">Nota legal, pol\u00edtica de privadesa i galetes<\/h2>\t\t\t\t<\/div>\n\t\t\t\t<\/div>\n\t\t\t\t<div class=\"elementor-element elementor-element-35b1132 elementor-widget elementor-widget-text-editor\" data-id=\"35b1132\" data-element_type=\"widget\" data-e-type=\"widget\" data-widget_type=\"text-editor.default\">\n\t\t\t\t<div class=\"elementor-widget-container\">\n\t\t\t\t\t\t\t\t\t<p><strong>Condicions i termes legals<\/strong><\/p><p>Dades del Responsable:<\/p><ul><li>Identitat del Responsable: Associaci\u00f3 de Servidors La Mar de Bits<\/li><li>NIF\/CIF: G66791872<\/li><li>Direcci\u00f3: pla\u00e7a del Sol 20, Baixos, 08012, Barcelona.<\/li><li>Correu electr\u00f2nic: administradors@lamardebits.org<\/li><\/ul><p>L&#8217;acc\u00e9s i navegaci\u00f3 a aquesta p\u00e0gina web implica l\u2019acceptaci\u00f3 dels termes i condicions d\u2019\u00fas.<\/p><p>L&#8217;usuari es compromet a fer servir aquesta p\u00e0gina web de conformitat amb la legalitat vigent.<\/p><p><strong>Normes de propietat intel\u00b7lectual<\/strong><\/p><p>Aquesta web i tots els seus continguts, incloent-hi la seva programaci\u00f3, texts, imatges, so, fotografies, disseny gr\u00e0fic, logos i qualsevol altre material o element que apareix a la Web s\u00f3n propietat del titular o de tercers que han autoritzat el seu \u00fas al titular (<a href=\"https:\/\/www.safecreative.org\/user\/capa8\" target=\"_blank\" rel=\"noopener\">safecreative<\/a>).<\/p><p>La reproducci\u00f3, c\u00f2pia, \u00fas, comunicaci\u00f3 p\u00fablica, total o parcial, o qualsevol altra activitat que es pugui dur a terme amb la informaci\u00f3 que cont\u00e9 aquesta p\u00e0gina Web i que es realitzi sense l&#8217;autoritzaci\u00f3 expressa per part del titular, constitueix una infracci\u00f3 dels drets de propietat intel\u00b7lectual que penalitza la legislaci\u00f3 vigent.<\/p><p>El titular es reserva la possibilitat d&#8217;exercir les accions judicials que corresponguin contra els usuaris que infringeixin els drets de propietat intel\u00b7lectual.<\/p><p><strong>Protecci\u00f3 de Dades<\/strong><br \/>Responsable del Tractament:<\/p><ul><li>Identitat del Responsable: Capa 8 Assistencial SL<\/li><li>NIF\/CIF: B25798299<\/li><li>Direcci\u00f3: pla\u00e7a del Sol 20, Baixos, 08012, Barcelona.<\/li><li>Correu electr\u00f2nic: info@capa8.net<\/li><li>Finalitat del Tractament: La de gestionar de forma adequada la prestaci\u00f3 de servei o informaci\u00f3 que ens ha requerit.<\/li><li>Dades personals que es requereixen per al servei: M\u00ednim el nom i correu electr\u00f2nic verificat, i recomanables cognoms i n\u00famero de tel\u00e8fon<\/li><\/ul><p>En rebre els serveis, s&#8217;ent\u00e9n que l&#8217;usuari accepta totes les condicions legals.<\/p><p><strong>Legitimaci\u00f3<\/strong><br \/>Gr\u00e0cies al consentiment podem utilitzar les teves dades.<\/p><p><br \/><strong>Normativa d\u2019Aplicaci\u00f3<\/strong><br \/><br \/>Reglament General de Protecci\u00f3 de Dades (RGPD) de la Uni\u00f3 Europea (2016\/679), Llei Org\u00e0nica 3\/2018 de 5 de desembre de Protecci\u00f3 de dades personals i garantia de drets digitals (LOPDGDD)<\/p><p><a href=\"https:\/\/www.boe.es\/doue\/2016\/119\/L00001-00088.pdf\" target=\"_blank\" rel=\"noopener\">https:\/\/www.boe.es\/doue\/2016\/119\/L00001-00088.pdf<\/a><\/p><p><strong>Exercici de drets<\/strong><br \/>Els usuaris podran exercir gratu\u00eftament els drets d&#8217;accedir, rectificar i suprimir les seves dades incorporades als fitxers de Capa 8 Asistencial SL, a trav\u00e9s del responsable referit anteriorment, per escrit amb la refer\u00e8ncia \u201cProtecci\u00f3 de dades\u201d.<\/p><p>Com a usuari pots exercir els teus drets sobre en qualsevol moment a <a href=\"https:\/\/box.viadenuncia.net\/9797624243\" target=\"_blank\" style=\"background-color: #ffffff; transition-property: all;\" rel=\"noopener\">box.viadenuncia.net\/9797624243<\/a><\/p><p><strong>Plugins socials<\/strong><br \/>A la nostra Web oferim enlla\u00e7os i serveis relacionats amb diferents xarxes socials. Si l&#8217;usuari \u00e9s membre d&#8217;una xarxa social i fa clic sobre el corresponent enlla\u00e7, el prove\u00efdor de la xarxa social podr\u00e0 enlla\u00e7ar les seves dades de perfil amb la informaci\u00f3 de la seva visita a <strong>La Mar de Bits<\/strong>.<br \/><\/p>\t\t\t\t\t\t\t\t<\/div>\n\t\t\t\t<\/div>\n\t\t\t\t\t<\/div>\n\t\t<\/div>\n\t\t\t\t\t<\/div>\n\t\t<\/section>\n\t\t\t\t<\/div>\n\t\t","protected":false},"excerpt":{"rendered":"<p>&nbsp; Nota legal, pol\u00edtica de privadesa i galetes Condicions i termes legals Dades del Responsable: Identitat del Responsable: Associaci\u00f3 de Servidors La Mar de Bits NIF\/CIF: G66791872 Direcci\u00f3: pla\u00e7a del Sol 20, Baixos, 08012, Barcelona. Correu electr\u00f2nic: administradors@lamardebits.org L&#8217;acc\u00e9s i navegaci\u00f3 a aquesta p\u00e0gina web implica l\u2019acceptaci\u00f3 dels termes i [&hellip;]<\/p>\n","protected":false},"author":1,"featured_media":0,"parent":0,"menu_order":0,"comment_status":"closed","ping_status":"closed","template":"page-templates\/template-pagebuilder-full-width.php","meta":{"footnotes":""},"class_list":["post-259","page","type-page","status-publish","hentry"],"jetpack_sharing_enabled":true,"_links":{"self":[{"href":"https:\/\/lamardebits.org\/ca\/wp-json\/wp\/v2\/pages\/259","targetHints":{"allow":["GET"]}}],"collection":[{"href":"https:\/\/lamardebits.org\/ca\/wp-json\/wp\/v2\/pages"}],"about":[{"href":"https:\/\/lamardebits.org\/ca\/wp-json\/wp\/v2\/types\/page"}],"author":[{"embeddable":true,"href":"https:\/\/lamardebits.org\/ca\/wp-json\/wp\/v2\/users\/1"}],"replies":[{"embeddable":true,"href":"https:\/\/lamardebits.org\/ca\/wp-json\/wp\/v2\/comments?post=259"}],"version-history":[{"count":68,"href":"https:\/\/lamardebits.org\/ca\/wp-json\/wp\/v2\/pages\/259\/revisions"}],"predecessor-version":[{"id":916,"href":"https:\/\/lamardebits.org\/ca\/wp-json\/wp\/v2\/pages\/259\/revisions\/916"}],"wp:attachment":[{"href":"https:\/\/lamardebits.org\/ca\/wp-json\/wp\/v2\/media?parent=259"}],"curies":[{"name":"wp","href":"https:\/\/api.w.org\/{rel}","templated":true}]}}